{"id":10349,"date":"2026-01-12T12:12:50","date_gmt":"2026-01-12T12:12:50","guid":{"rendered":"https:\/\/anascreccatravel.com\/es\/?page_id=10349"},"modified":"2026-01-13T13:14:25","modified_gmt":"2026-01-13T13:14:25","slug":"contactanos","status":"publish","type":"page","link":"https:\/\/anascreccatravel.com\/es\/contactanos\/","title":{"rendered":"CONTACTANOS"},"content":{"rendered":"<div class=\"gdlr-core-pbf-element\">\n<div class=\"gdlr-core-text-box-item gdlr-core-item-pdlr gdlr-core-item-pdb gdlr-core-left-align\">\n<div class=\"gdlr-core-text-box-item-content\">\n<p><strong>Cont\u00e1ctanos y organiza tus vacaciones<\/strong><br \/>\nDescubre el encanto de Estambul y las maravillas de Turqu\u00eda con Anas Crecca<br \/>\nTravel, tu gu\u00eda de confianza en el coraz\u00f3n de Sultanahmet. Ya sea que busques una<br \/>\nexperiencia cultural inmersiva, una exploraci\u00f3n hist\u00f3rica o una escapada tranquila,<br \/>\nnuestro equipo de expertos est\u00e1 dedicado a crear la experiencia de viaje ideal para<br \/>\nti. Cont\u00e1ctanos para obtener tours personalizados, ofertas especiales y hacer<br \/>\nrealidad tus vacaciones so\u00f1adas. Empecemos juntos un viaje inolvidable.<\/p>\n<div class=\"gdlr-core-pbf-element\">\n<div class=\"gdlr-core-text-box-item gdlr-core-item-pdlr gdlr-core-item-pdb gdlr-core-left-align\">\n<div class=\"gdlr-core-text-box-item-content\">\n<p style=\"text-align: left;\"><strong>ANAS CRECCA TRAVEL &#8211; <\/strong><em>Tour Operador y Ajencia de Viajes<\/em><\/p>\n<p style=\"text-align: left;\">Alemdar Mah. Salkim Sogut Sok. Birlik Han No:5 D:201 Fatih, Istanbul, Turkey<\/p>\n<p style=\"text-align: left;\">info@anascreccatravel.com<\/p>\n<\/div>\n<\/div>\n<\/div>\n<div class=\"gdlr-core-pbf-element\">\n<div class=\"gdlr-core-icon-list-item gdlr-core-item-pdlr gdlr-core-item-pdb clearfix gdlr-core-left-align gdlr-core-style-1\">\n<div class=\"gdlr-core-icon-list-content-wrap\" style=\"text-align: left;\"><span class=\"gdlr-core-icon-list-content\">+90 505 106 42 00<\/span><\/div>\n<div class=\"gdlr-core-icon-list-content-wrap\" style=\"text-align: left;\"><span class=\"gdlr-core-icon-list-content\">+90 532 065 14 11<\/span><\/div>\n<\/div>\n<\/div>\n<p><img loading=\"lazy\" decoding=\"async\" class=\"alignnone wp-image-10394 size-large\" src=\"https:\/\/anascreccatravel.com\/es\/wp-content\/uploads\/2026\/01\/Screenshot-2026-01-13-at-11.02.12-1024x689.png\" alt=\"\" width=\"1024\" height=\"689\" srcset=\"https:\/\/anascreccatravel.com\/es\/wp-content\/uploads\/2026\/01\/Screenshot-2026-01-13-at-11.02.12-1024x689.png 1024w, https:\/\/anascreccatravel.com\/es\/wp-content\/uploads\/2026\/01\/Screenshot-2026-01-13-at-11.02.12-300x202.png 300w, https:\/\/anascreccatravel.com\/es\/wp-content\/uploads\/2026\/01\/Screenshot-2026-01-13-at-11.02.12-768x517.png 768w, https:\/\/anascreccatravel.com\/es\/wp-content\/uploads\/2026\/01\/Screenshot-2026-01-13-at-11.02.12-1536x1034.png 1536w, https:\/\/anascreccatravel.com\/es\/wp-content\/uploads\/2026\/01\/Screenshot-2026-01-13-at-11.02.12.png 1866w\" sizes=\"auto, (max-width: 1024px) 100vw, 1024px\" \/><\/p>\n<\/div>\n<\/div>\n<\/div>\n","protected":false},"excerpt":{"rendered":"<p>Cont\u00e1ctanos y organiza tus vacaciones Descubre el encanto de Estambul y las maravillas de Turqu\u00eda con Anas Crecca Travel, tu gu\u00eda de confianza en el coraz\u00f3n de Sultanahmet. Ya sea que busques una experiencia cultural inmersiva, una exploraci\u00f3n hist\u00f3rica o una escapada tranquila, nuestro equipo de expertos est\u00e1 dedicado a crear la experiencia de viaje [&hellip;]<\/p>\n","protected":false},"author":1,"featured_media":0,"parent":0,"menu_order":0,"comment_status":"closed","ping_status":"closed","template":"","meta":{"footnotes":""},"class_list":["post-10349","page","type-page","status-publish","hentry"],"_links":{"self":[{"href":"https:\/\/anascreccatravel.com\/es\/wp-json\/wp\/v2\/pages\/10349","targetHints":{"allow":["GET"]}}],"collection":[{"href":"https:\/\/anascreccatravel.com\/es\/wp-json\/wp\/v2\/pages"}],"about":[{"href":"https:\/\/anascreccatravel.com\/es\/wp-json\/wp\/v2\/types\/page"}],"author":[{"embeddable":true,"href":"https:\/\/anascreccatravel.com\/es\/wp-json\/wp\/v2\/users\/1"}],"replies":[{"embeddable":true,"href":"https:\/\/anascreccatravel.com\/es\/wp-json\/wp\/v2\/comments?post=10349"}],"version-history":[{"count":5,"href":"https:\/\/anascreccatravel.com\/es\/wp-json\/wp\/v2\/pages\/10349\/revisions"}],"predecessor-version":[{"id":10439,"href":"https:\/\/anascreccatravel.com\/es\/wp-json\/wp\/v2\/pages\/10349\/revisions\/10439"}],"wp:attachment":[{"href":"https:\/\/anascreccatravel.com\/es\/wp-json\/wp\/v2\/media?parent=10349"}],"curies":[{"name":"wp","href":"https:\/\/api.w.org\/{rel}","templated":true}]}}