{"id":10447,"date":"2026-01-14T11:08:55","date_gmt":"2026-01-14T11:08:55","guid":{"rendered":"https:\/\/anascreccatravel.com\/es\/?page_id=10447"},"modified":"2026-01-14T11:08:55","modified_gmt":"2026-01-14T11:08:55","slug":"bodas-y-celebraciones-privadas","status":"publish","type":"page","link":"https:\/\/anascreccatravel.com\/es\/bodas-y-celebraciones-privadas\/","title":{"rendered":"Bodas y Celebraciones Privadas"},"content":{"rendered":"<p>Ofrecemos servicios integrales de planificaci\u00f3n y gesti\u00f3n para bodas y celebraciones privadas en toda Turqu\u00eda,<br \/>\nincluyendo Estambul y otros destinos distinguidos. Nuestro enfoque se basa en la precisi\u00f3n, la discreci\u00f3n y un<br \/>\nprofundo conocimiento de los recintos locales, los proveedores y una log\u00edstica bien coordinada.<br \/>\nEn Estambul, coordinamos ceremonias de boda y recepciones refinadas a lo largo del B\u00f3sforo, utilizando<br \/>\nexclusivos recintos frente al mar, mansiones hist\u00f3ricas y yates privados que ofrecen un escenario atemporal<br \/>\nenmarcado por el horizonte y las v\u00edas fluviales de la ciudad. M\u00e1s all\u00e1 de Estambul, trabajamos con sedes<br \/>\ncuidadosamente seleccionadas en Capadocia, el Egeo y el Mediterr\u00e1neo.<br \/>\nNuestro equipo supervisa la b\u00fasqueda de recintos, la producci\u00f3n de eventos, la coordinaci\u00f3n de catering, los<br \/>\nservicios t\u00e9cnicos y la log\u00edstica de los invitados, garantizando la consistencia y la excelencia operativa en cada<br \/>\netapa. Gracias a nuestras s\u00f3lidas alianzas locales y al compromiso con los est\u00e1ndares de servicio<br \/>\ninternacionales, ofrecemos eventos privados elegantes, fluidos y gestionados con total profesionalismo.<\/p>\n","protected":false},"excerpt":{"rendered":"<p>Ofrecemos servicios integrales de planificaci\u00f3n y gesti\u00f3n para bodas y celebraciones privadas en toda Turqu\u00eda, incluyendo Estambul y otros destinos distinguidos. Nuestro enfoque se basa en la precisi\u00f3n, la discreci\u00f3n y un profundo conocimiento de los recintos locales, los proveedores y una log\u00edstica bien coordinada. En Estambul, coordinamos ceremonias de boda y recepciones refinadas a [&hellip;]<\/p>\n","protected":false},"author":1,"featured_media":0,"parent":0,"menu_order":0,"comment_status":"closed","ping_status":"closed","template":"","meta":{"footnotes":""},"class_list":["post-10447","page","type-page","status-publish","hentry"],"_links":{"self":[{"href":"https:\/\/anascreccatravel.com\/es\/wp-json\/wp\/v2\/pages\/10447","targetHints":{"allow":["GET"]}}],"collection":[{"href":"https:\/\/anascreccatravel.com\/es\/wp-json\/wp\/v2\/pages"}],"about":[{"href":"https:\/\/anascreccatravel.com\/es\/wp-json\/wp\/v2\/types\/page"}],"author":[{"embeddable":true,"href":"https:\/\/anascreccatravel.com\/es\/wp-json\/wp\/v2\/users\/1"}],"replies":[{"embeddable":true,"href":"https:\/\/anascreccatravel.com\/es\/wp-json\/wp\/v2\/comments?post=10447"}],"version-history":[{"count":2,"href":"https:\/\/anascreccatravel.com\/es\/wp-json\/wp\/v2\/pages\/10447\/revisions"}],"predecessor-version":[{"id":10449,"href":"https:\/\/anascreccatravel.com\/es\/wp-json\/wp\/v2\/pages\/10447\/revisions\/10449"}],"wp:attachment":[{"href":"https:\/\/anascreccatravel.com\/es\/wp-json\/wp\/v2\/media?parent=10447"}],"curies":[{"name":"wp","href":"https:\/\/api.w.org\/{rel}","templated":true}]}}