{"id":10451,"date":"2026-01-14T11:12:54","date_gmt":"2026-01-14T11:12:54","guid":{"rendered":"https:\/\/anascreccatravel.com\/es\/?page_id=10451"},"modified":"2026-01-14T11:12:54","modified_gmt":"2026-01-14T11:12:54","slug":"consultoria-gratuita-para-la-planificacion-de-viajes-a-turquia","status":"publish","type":"page","link":"https:\/\/anascreccatravel.com\/es\/consultoria-gratuita-para-la-planificacion-de-viajes-a-turquia\/","title":{"rendered":"Consultor\u00eda Gratuita para la Planificaci\u00f3n de Viajes a Turqu\u00eda"},"content":{"rendered":"<p>\u00bfNo est\u00e1s seguro de por d\u00f3nde empezar a planificar tu aventura en Turqu\u00eda? Esta consultor\u00eda de cortes\u00eda es el<br \/>\nprimer paso perfecto para conectar con nosotros y explorar juntos tu visi\u00f3n de viaje.<br \/>\nA trav\u00e9s de una consulta flexible y sin compromiso \u2014ya sea por correo electr\u00f3nico o por tel\u00e9fono\u2014 nos<br \/>\npresentaremos, hablaremos sobre tus ideas de vacaciones y entenderemos el tipo de experiencia con la que<br \/>\nsue\u00f1as, ya sea un viaje totalmente a medida o uno de nuestros itinerarios cuidadosamente seleccionados.<br \/>\nDurante esta consultor\u00eda:<br \/>\n\u00b7 Conoceremos tus preferencias de viaje, intereses y expectativas.<br \/>\n\u00b7<br \/>\n\u00b7 Analizaremos posibles destinos, el estilo de viaje y el tiempo ideal para tu estancia.<br \/>\n\u00b7<br \/>\n\u00b7 Entenderemos el nivel de asistencia y personalizaci\u00f3n que deseas.<br \/>\n\u00b7<br \/>\n\u00b7 Recomendaremos el servicio de planificaci\u00f3n o la opci\u00f3n de itinerario que mejor se adapte a tus<br \/>\nnecesidades.<br \/>\nEste intercambio relajado est\u00e1 dise\u00f1ado para brindarte claridad, confianza y orientaci\u00f3n experta, asegurando<br \/>\nque tu viaje a Turqu\u00eda sea exactamente como lo imaginas.<\/p>\n<p><a href=\"https:\/\/anascreccatravel.com\/es\/contactanos\/\">Cont\u00e1ctanos<\/a> hoy mismo para comenzar a planificar tu viaje, de forma totalmente gratuita.<\/p>\n","protected":false},"excerpt":{"rendered":"<p>\u00bfNo est\u00e1s seguro de por d\u00f3nde empezar a planificar tu aventura en Turqu\u00eda? Esta consultor\u00eda de cortes\u00eda es el primer paso perfecto para conectar con nosotros y explorar juntos tu visi\u00f3n de viaje. A trav\u00e9s de una consulta flexible y sin compromiso \u2014ya sea por correo electr\u00f3nico o por tel\u00e9fono\u2014 nos presentaremos, hablaremos sobre tus [&hellip;]<\/p>\n","protected":false},"author":1,"featured_media":0,"parent":0,"menu_order":0,"comment_status":"closed","ping_status":"closed","template":"","meta":{"footnotes":""},"class_list":["post-10451","page","type-page","status-publish","hentry"],"_links":{"self":[{"href":"https:\/\/anascreccatravel.com\/es\/wp-json\/wp\/v2\/pages\/10451","targetHints":{"allow":["GET"]}}],"collection":[{"href":"https:\/\/anascreccatravel.com\/es\/wp-json\/wp\/v2\/pages"}],"about":[{"href":"https:\/\/anascreccatravel.com\/es\/wp-json\/wp\/v2\/types\/page"}],"author":[{"embeddable":true,"href":"https:\/\/anascreccatravel.com\/es\/wp-json\/wp\/v2\/users\/1"}],"replies":[{"embeddable":true,"href":"https:\/\/anascreccatravel.com\/es\/wp-json\/wp\/v2\/comments?post=10451"}],"version-history":[{"count":2,"href":"https:\/\/anascreccatravel.com\/es\/wp-json\/wp\/v2\/pages\/10451\/revisions"}],"predecessor-version":[{"id":10453,"href":"https:\/\/anascreccatravel.com\/es\/wp-json\/wp\/v2\/pages\/10451\/revisions\/10453"}],"wp:attachment":[{"href":"https:\/\/anascreccatravel.com\/es\/wp-json\/wp\/v2\/media?parent=10451"}],"curies":[{"name":"wp","href":"https:\/\/api.w.org\/{rel}","templated":true}]}}