{"id":10456,"date":"2026-01-19T10:48:27","date_gmt":"2026-01-19T10:48:27","guid":{"rendered":"https:\/\/anascreccatravel.com\/es\/?page_id=10456"},"modified":"2026-01-19T11:04:26","modified_gmt":"2026-01-19T11:04:26","slug":"servicios-de-billetes-de-avion-para-vuelos-nacionales-en-turquia","status":"publish","type":"page","link":"https:\/\/anascreccatravel.com\/es\/servicios-de-billetes-de-avion-para-vuelos-nacionales-en-turquia\/","title":{"rendered":"Servicios de Billetes de Avi\u00f3n para Vuelos Nacionales en Turqu\u00eda"},"content":{"rendered":"<p><strong>Servicios de Billete<\/strong><strong>s de Avi\u00f3n para Vuelos<\/strong><\/p>\n<p><strong>Nacionales en Turqu\u00eda<\/strong><br \/>\nViajar abre la puerta a nuevas experiencias, culturas y recuerdos inolvidables. En Anas Crecca, sabemos que<br \/>\nun viaje fluido comienza con la reserva del vuelo adecuado. Es por eso que ofrecemos un servicio de emisi\u00f3n de<br \/>\nbilletes para vuelos nacionales en toda Turqu\u00eda, fiable y eficiente, dise\u00f1ado para que la planificaci\u00f3n de su viaje<br \/>\nsea sencilla y sin estr\u00e9s.<br \/>\nTrabajamos con todas las principales aerol\u00edneas nacionales para asegurar las opciones de vuelo m\u00e1s<br \/>\nadecuadas seg\u00fan su horario, preferencias y presupuesto. Ya sea que viaje por placer, negocios o como parte de<br \/>\nun itinerario de tour m\u00e1s extenso, nuestro equipo garantiza una experiencia de reserva impecable de principio a<br \/>\nfin.<br \/>\n<strong>Atenci\u00f3n al Cliente Personalizada<\/strong><br \/>\nNuestro compromiso va m\u00e1s all\u00e1 de la emisi\u00f3n de billetes. Brindamos una atenci\u00f3n al cliente personalizada en<br \/>\ncada etapa de su viaje, desde el momento de la reserva hasta que aborda su vuelo. Si tiene preguntas, necesita<br \/>\nrealizar cambios o requiere asistencia de \u00faltimo minuto, nuestro equipo dedicado est\u00e1 siempre a solo una<br \/>\nllamada o un mensaje de distancia.<\/p>\n","protected":false},"excerpt":{"rendered":"<p>Servicios de Billetes de Avi\u00f3n para Vuelos Nacionales en Turqu\u00eda Viajar abre la puerta a nuevas experiencias, culturas y recuerdos inolvidables. En Anas Crecca, sabemos que un viaje fluido comienza con la reserva del vuelo adecuado. Es por eso que ofrecemos un servicio de emisi\u00f3n de billetes para vuelos nacionales en toda Turqu\u00eda, fiable y [&hellip;]<\/p>\n","protected":false},"author":1,"featured_media":9567,"parent":0,"menu_order":0,"comment_status":"closed","ping_status":"closed","template":"","meta":{"footnotes":""},"class_list":["post-10456","page","type-page","status-publish","has-post-thumbnail","hentry"],"_links":{"self":[{"href":"https:\/\/anascreccatravel.com\/es\/wp-json\/wp\/v2\/pages\/10456","targetHints":{"allow":["GET"]}}],"collection":[{"href":"https:\/\/anascreccatravel.com\/es\/wp-json\/wp\/v2\/pages"}],"about":[{"href":"https:\/\/anascreccatravel.com\/es\/wp-json\/wp\/v2\/types\/page"}],"author":[{"embeddable":true,"href":"https:\/\/anascreccatravel.com\/es\/wp-json\/wp\/v2\/users\/1"}],"replies":[{"embeddable":true,"href":"https:\/\/anascreccatravel.com\/es\/wp-json\/wp\/v2\/comments?post=10456"}],"version-history":[{"count":5,"href":"https:\/\/anascreccatravel.com\/es\/wp-json\/wp\/v2\/pages\/10456\/revisions"}],"predecessor-version":[{"id":10469,"href":"https:\/\/anascreccatravel.com\/es\/wp-json\/wp\/v2\/pages\/10456\/revisions\/10469"}],"wp:featuredmedia":[{"embeddable":true,"href":"https:\/\/anascreccatravel.com\/es\/wp-json\/wp\/v2\/media\/9567"}],"wp:attachment":[{"href":"https:\/\/anascreccatravel.com\/es\/wp-json\/wp\/v2\/media?parent=10456"}],"curies":[{"name":"wp","href":"https:\/\/api.w.org\/{rel}","templated":true}]}}